{"id":5158,"date":"2020-08-14T10:59:18","date_gmt":"2020-08-14T13:59:18","guid":{"rendered":"https:\/\/rocher-du-nord.csfpnl.agisys.ca\/?page_id=5158"},"modified":"2024-05-31T14:53:34","modified_gmt":"2024-05-31T17:23:34","slug":"programmes-scolaires","status":"publish","type":"page","link":"https:\/\/csfp.nl.ca\/rdn\/programmes-scolaires\/","title":{"rendered":"Programmes scolaires"},"content":{"rendered":"\t\t<div data-elementor-type=\"wp-page\" data-elementor-id=\"5158\" class=\"elementor elementor-5158\" data-elementor-post-type=\"page\">\n\t\t\t\t\t\t<section class=\"elementor-section elementor-top-section elementor-element elementor-element-638bafe elementor-section-boxed elementor-section-height-default elementor-section-height-default\" data-id=\"638bafe\" data-element_type=\"section\" data-e-type=\"section\" data-settings=\"{&quot;background_background&quot;:&quot;slideshow&quot;,&quot;background_slideshow_gallery&quot;:[{&quot;id&quot;:7696,&quot;url&quot;:&quot;https:\\\/\\\/csfp.nl.ca\\\/rdn\\\/wp-content\\\/uploads\\\/sites\\\/5\\\/2021\\\/03\\\/75388295_480082469262065_4508835883994054656_o.jpg&quot;},{&quot;id&quot;:7701,&quot;url&quot;:&quot;https:\\\/\\\/csfp.nl.ca\\\/rdn\\\/wp-content\\\/uploads\\\/sites\\\/5\\\/2021\\\/03\\\/cours-sciences2020.jpg&quot;},{&quot;id&quot;:7698,&quot;url&quot;:&quot;https:\\\/\\\/csfp.nl.ca\\\/rdn\\\/wp-content\\\/uploads\\\/sites\\\/5\\\/2021\\\/03\\\/IMG_4189-scaled.jpg&quot;},{&quot;id&quot;:7699,&quot;url&quot;:&quot;https:\\\/\\\/csfp.nl.ca\\\/rdn\\\/wp-content\\\/uploads\\\/sites\\\/5\\\/2021\\\/03\\\/130299530_729516267652016_9182843162067306349_o.jpg&quot;},{&quot;id&quot;:7703,&quot;url&quot;:&quot;https:\\\/\\\/csfp.nl.ca\\\/rdn\\\/wp-content\\\/uploads\\\/sites\\\/5\\\/2021\\\/03\\\/fabrication-de-savon-1-1.jpg&quot;},{&quot;id&quot;:7697,&quot;url&quot;:&quot;https:\\\/\\\/csfp.nl.ca\\\/rdn\\\/wp-content\\\/uploads\\\/sites\\\/5\\\/2021\\\/03\\\/76642400_480081272595518_2046432353244413952_o.jpg&quot;},{&quot;id&quot;:7700,&quot;url&quot;:&quot;https:\\\/\\\/csfp.nl.ca\\\/rdn\\\/wp-content\\\/uploads\\\/sites\\\/5\\\/2021\\\/03\\\/Copie-de-IMG_3728-scaled.jpg&quot;}],&quot;background_slideshow_loop&quot;:&quot;yes&quot;,&quot;background_slideshow_slide_duration&quot;:5000,&quot;background_slideshow_slide_transition&quot;:&quot;fade&quot;,&quot;background_slideshow_transition_duration&quot;:500,&quot;ekit_has_onepagescroll_dot&quot;:&quot;yes&quot;}\">\n\t\t\t\t\t\t\t<div class=\"elementor-background-overlay\"><\/div>\n\t\t\t\t\t\t\t<div class=\"elementor-container elementor-column-gap-default\">\n\t\t\t\t\t<div class=\"elementor-column elementor-col-100 elementor-top-column elementor-element elementor-element-cbdf2fe\" data-id=\"cbdf2fe\" data-element_type=\"column\" data-e-type=\"column\">\n\t\t\t<div class=\"elementor-widget-wrap elementor-element-populated\">\n\t\t\t\t\t\t<div class=\"elementor-element elementor-element-9a649d0 elementor-widget elementor-widget-turitor-title\" data-id=\"9a649d0\" data-element_type=\"widget\" data-e-type=\"widget\" data-settings=\"{&quot;ekit_we_effect_on&quot;:&quot;none&quot;}\" data-widget_type=\"turitor-title.default\">\n\t\t\t\t<div class=\"elementor-widget-container\">\n\t\t\t\t\t\n   <div class=\"ts-section-title title-center\">\n\t\t<h2 class=\"section-title \">\n\t\t\t\t\t\t\t<span class=\"sub-title\">\u00c9cole Rocher-du-Nord<\/span>\n\t\t\t        Programmes scolaires     <\/h2>\n               <i class=\"\"><\/i>\n\t\t\t      \n   <\/div>\n\n    \t\t\t\t<\/div>\n\t\t\t\t<\/div>\n\t\t\t\t<div class=\"elementor-element elementor-element-8e8fd4c elementor-widget-divider--view-line elementor-invisible elementor-widget elementor-widget-divider\" data-id=\"8e8fd4c\" data-element_type=\"widget\" data-e-type=\"widget\" data-settings=\"{&quot;_animation&quot;:&quot;bounceInLeft&quot;,&quot;ekit_we_effect_on&quot;:&quot;none&quot;}\" data-widget_type=\"divider.default\">\n\t\t\t\t<div class=\"elementor-widget-container\">\n\t\t\t\t\t\t\t<div class=\"elementor-divider\">\n\t\t\t<span class=\"elementor-divider-separator\">\n\t\t\t\t\t\t<\/span>\n\t\t<\/div>\n\t\t\t\t\t\t<\/div>\n\t\t\t\t<\/div>\n\t\t\t\t\t<\/div>\n\t\t<\/div>\n\t\t\t\t\t<\/div>\n\t\t<\/section>\n\t\t\t\t<section class=\"elementor-section elementor-top-section elementor-element elementor-element-8545edb elementor-section-boxed elementor-section-height-default elementor-section-height-default\" data-id=\"8545edb\" data-element_type=\"section\" data-e-type=\"section\" data-settings=\"{&quot;background_background&quot;:&quot;classic&quot;,&quot;ekit_has_onepagescroll_dot&quot;:&quot;yes&quot;}\">\n\t\t\t\t\t\t<div class=\"elementor-container elementor-column-gap-default\">\n\t\t\t\t\t<div class=\"elementor-column elementor-col-100 elementor-top-column elementor-element elementor-element-b94bc6d\" data-id=\"b94bc6d\" data-element_type=\"column\" data-e-type=\"column\">\n\t\t\t<div class=\"elementor-widget-wrap elementor-element-populated\">\n\t\t\t\t\t\t<div class=\"elementor-element elementor-element-d743234 elementor-widget elementor-widget-turitor-title\" data-id=\"d743234\" data-element_type=\"widget\" data-e-type=\"widget\" data-settings=\"{&quot;ekit_we_effect_on&quot;:&quot;none&quot;}\" data-widget_type=\"turitor-title.default\">\n\t\t\t\t<div class=\"elementor-widget-container\">\n\t\t\t\t\t\n   <div class=\"ts-section-title title-left\">\n\t\t<h2 class=\"section-title \">\n\t\t\t\t\t\t\t<span class=\"sub-title\">L\u2019\u00c9cole Rocher-du-Nord offre le programme de fran\u00e7ais langue premi\u00e8re du Minist\u00e8re de l\u2019\u00c9ducation de Terre-Neuve-et-Labrador, de la 5e \u00e0 la 12e ann\u00e9e. <\/span>\n\t\t\t             <\/h2>\n               <i class=\"\"><\/i>\n\t\t\t      \n   <\/div>\n\n    \t\t\t\t<\/div>\n\t\t\t\t<\/div>\n\t\t\t\t<div class=\"elementor-element elementor-element-af24302 elementor-widget elementor-widget-text-editor\" data-id=\"af24302\" data-element_type=\"widget\" data-e-type=\"widget\" data-settings=\"{&quot;ekit_we_effect_on&quot;:&quot;none&quot;}\" data-widget_type=\"text-editor.default\">\n\t\t\t\t<div class=\"elementor-widget-container\">\n\t\t\t\t\t\t\t\t\t<p><span style=\"font-weight: 400;\">Dans le programme de fran\u00e7ais langue premi\u00e8re, l\u2019enseignement se fait en fran\u00e7ais, \u00e0 tous les niveaux et dans toutes les mati\u00e8res, sauf pour le cours d\u2019anglais.<\/span><\/p><p><span style=\"font-weight: 400;\">Nous avons \u00e9galement le mandat de favoriser la connaissance et la pr\u00e9servation de la culture et des traditions de la francophonie. Nous poursuivons cet objectif \u00e0 la fois \u00e0 travers le programme scolaire en classe et dans les activit\u00e9s parascolaires qui mettent nos \u00e9l\u00e8ves en contact avec d\u2019autres francophones de la province et d\u2019ailleurs.<\/span><\/p>\t\t\t\t\t\t\t\t<\/div>\n\t\t\t\t<\/div>\n\t\t\t\t\t<\/div>\n\t\t<\/div>\n\t\t\t\t\t<\/div>\n\t\t<\/section>\n\t\t\t\t<section class=\"elementor-section elementor-top-section elementor-element elementor-element-e0239ac elementor-section-boxed elementor-section-height-default elementor-section-height-default\" data-id=\"e0239ac\" data-element_type=\"section\" data-e-type=\"section\" data-settings=\"{&quot;background_background&quot;:&quot;classic&quot;,&quot;ekit_has_onepagescroll_dot&quot;:&quot;yes&quot;}\">\n\t\t\t\t\t\t\t<div class=\"elementor-background-overlay\"><\/div>\n\t\t\t\t\t\t\t<div class=\"elementor-container elementor-column-gap-default\">\n\t\t\t\t\t<div class=\"elementor-column elementor-col-50 elementor-top-column elementor-element elementor-element-04ca3b0\" data-id=\"04ca3b0\" data-element_type=\"column\" data-e-type=\"column\" data-settings=\"{&quot;background_background&quot;:&quot;classic&quot;}\">\n\t\t\t<div class=\"elementor-widget-wrap elementor-element-populated\">\n\t\t\t\t\t\t<div class=\"elementor-element elementor-element-9d50f37 elementor-widget elementor-widget-turitor-title\" data-id=\"9d50f37\" data-element_type=\"widget\" data-e-type=\"widget\" data-settings=\"{&quot;ekit_we_effect_on&quot;:&quot;none&quot;}\" data-widget_type=\"turitor-title.default\">\n\t\t\t\t<div class=\"elementor-widget-container\">\n\t\t\t\t\t\n   <div class=\"ts-section-title title-left\">\n\t\t<h2 class=\"section-title \">\n\t\t\t        Programme <br>interm\u00e9diaire \n     <\/h2>\n               <i class=\"\"><\/i>\n\t\t\t      \n   <\/div>\n\n    \t\t\t\t<\/div>\n\t\t\t\t<\/div>\n\t\t\t\t<div class=\"elementor-element elementor-element-f9da68f elementor-widget-divider--view-line elementor-invisible elementor-widget elementor-widget-divider\" data-id=\"f9da68f\" data-element_type=\"widget\" data-e-type=\"widget\" data-settings=\"{&quot;_animation&quot;:&quot;bounceInLeft&quot;,&quot;ekit_we_effect_on&quot;:&quot;none&quot;}\" data-widget_type=\"divider.default\">\n\t\t\t\t<div class=\"elementor-widget-container\">\n\t\t\t\t\t\t\t<div class=\"elementor-divider\">\n\t\t\t<span class=\"elementor-divider-separator\">\n\t\t\t\t\t\t<\/span>\n\t\t<\/div>\n\t\t\t\t\t\t<\/div>\n\t\t\t\t<\/div>\n\t\t\t\t<div class=\"elementor-element elementor-element-0b1046d elementor-widget elementor-widget-text-editor\" data-id=\"0b1046d\" data-element_type=\"widget\" data-e-type=\"widget\" data-settings=\"{&quot;ekit_we_effect_on&quot;:&quot;none&quot;}\" data-widget_type=\"text-editor.default\">\n\t\t\t\t<div class=\"elementor-widget-container\">\n\t\t\t\t\t\t\t\t\t<p style=\"text-align: left;\"><strong><span style=\"color: #00ad8a;\">5e \u00e0 9e ann\u00e9e<\/span><br \/><\/strong><\/p><p><span style=\"font-weight: 400;\">Le niveau interm\u00e9diaire comprend la 5e \u00e0 la 9e ann\u00e9e. Les \u00e9l\u00e8ves suivent le fran\u00e7ais, les math\u00e9matiques, les sciences, l\u2019anglais, les sciences humaines, l\u2019enseignement religieux, la sant\u00e9, les arts plastiques, la musique, l\u2019\u00e9ducation physique, la technologie et l\u2019\u00e9conomie familiale.\u00a0\u00a0<\/span><\/p>\t\t\t\t\t\t\t\t<\/div>\n\t\t\t\t<\/div>\n\t\t\t\t<div class=\"elementor-element elementor-element-2afbf62 ekit-equal-height-disable elementor-widget elementor-widget-elementskit-icon-box\" data-id=\"2afbf62\" data-element_type=\"widget\" data-e-type=\"widget\" data-settings=\"{&quot;ekit_we_effect_on&quot;:&quot;none&quot;}\" data-widget_type=\"elementskit-icon-box.default\">\n\t\t\t\t<div class=\"elementor-widget-container\">\n\t\t\t\t\t<div class=\"ekit-wid-con\" >        <!-- link opening -->\n                <!-- end link opening -->\n\n        <div class=\"elementskit-infobox text-center text- icon-top-align elementor-animation-   \">\n                    <div class=\"elementskit-box-header elementor-animation-\">\n                <div class=\"elementskit-info-box-icon  \">\n                    <i aria-hidden=\"true\" class=\"elementkit-infobox-icon fas fa-grip-horizontal\"><\/i>\n                <\/div>\n          <\/div>\n                        <div class=\"box-body\">\n                            <h3 class=\"elementskit-info-box-title\">\n                    Minist\u00e8re                <\/h3>\n                        \t\t  \t<p>de l\u2019\u00c9ducation<\/p>\n                                        <div class=\"box-footer disable_hover_button\">\n                    <div class=\"btn-wraper\">\n                                                            <a class=\"elementskit-btn whitespace--normal\" href=\"https:\/\/www.gov.nl.ca\/education\/k12\/french\/languepremiere\/\" target=\"_blank\" rel=\"noopener\">\n                                                                                Plus d\u2019informations                                    <\/a>\n                                                        <\/div>\n                <\/div>\n                    <\/div>\n        \n        \n                <\/div>\n        <\/div>\t\t\t\t<\/div>\n\t\t\t\t<\/div>\n\t\t\t\t\t<\/div>\n\t\t<\/div>\n\t\t\t\t<div class=\"elementor-column elementor-col-50 elementor-top-column elementor-element elementor-element-dabe721\" data-id=\"dabe721\" data-element_type=\"column\" data-e-type=\"column\" data-settings=\"{&quot;background_background&quot;:&quot;classic&quot;}\">\n\t\t\t<div class=\"elementor-widget-wrap elementor-element-populated\">\n\t\t\t\t\t\t<div class=\"elementor-element elementor-element-3eaa140 elementor-widget elementor-widget-turitor-title\" data-id=\"3eaa140\" data-element_type=\"widget\" data-e-type=\"widget\" data-settings=\"{&quot;ekit_we_effect_on&quot;:&quot;none&quot;}\" data-widget_type=\"turitor-title.default\">\n\t\t\t\t<div class=\"elementor-widget-container\">\n\t\t\t\t\t\n   <div class=\"ts-section-title title-left\">\n\t\t<h2 class=\"section-title \">\n\t\t\t        Programme <br>secondaire     <\/h2>\n               <i class=\"\"><\/i>\n\t\t\t      \n   <\/div>\n\n    \t\t\t\t<\/div>\n\t\t\t\t<\/div>\n\t\t\t\t<div class=\"elementor-element elementor-element-7b0e6fc elementor-widget-divider--view-line elementor-invisible elementor-widget elementor-widget-divider\" data-id=\"7b0e6fc\" data-element_type=\"widget\" data-e-type=\"widget\" data-settings=\"{&quot;_animation&quot;:&quot;bounceInLeft&quot;,&quot;ekit_we_effect_on&quot;:&quot;none&quot;}\" data-widget_type=\"divider.default\">\n\t\t\t\t<div class=\"elementor-widget-container\">\n\t\t\t\t\t\t\t<div class=\"elementor-divider\">\n\t\t\t<span class=\"elementor-divider-separator\">\n\t\t\t\t\t\t<\/span>\n\t\t<\/div>\n\t\t\t\t\t\t<\/div>\n\t\t\t\t<\/div>\n\t\t\t\t<div class=\"elementor-element elementor-element-358a9d8 elementor-widget elementor-widget-text-editor\" data-id=\"358a9d8\" data-element_type=\"widget\" data-e-type=\"widget\" data-settings=\"{&quot;ekit_we_effect_on&quot;:&quot;none&quot;}\" data-widget_type=\"text-editor.default\">\n\t\t\t\t<div class=\"elementor-widget-container\">\n\t\t\t\t\t\t\t\t\t<p style=\"text-align: left;\"><span style=\"color: #00ad8a;\"><strong>10e \u00e0 12e ann\u00e9e<\/strong><\/span><span style=\"color: #0a74b2;\"><strong><br \/><\/strong><\/span><\/p><p><span style=\"font-weight: 400;\">Le niveau secondaire comprend la 10e\u00a0\u00e0 la 12e\u00a0ann\u00e9e. Les cours suivants sont offerts \u00e0 RDN\u00a0: le fran\u00e7ais, les math\u00e9matiques, les sciences, la biologie, la chimie, l\u2019anglais, les sciences humaines, Carri\u00e8re et vie, \u00c9ducation physique, M\u00e9tiers sp\u00e9cialis\u00e9s, Habillement \/ textiles, Styles de vie sains, Alimentation et nutrition, \u00c9tudes familiales, Communication et technologie, Exp\u00e9rience de la musique.<\/span><\/p>\t\t\t\t\t\t\t\t<\/div>\n\t\t\t\t<\/div>\n\t\t\t\t<div class=\"elementor-element elementor-element-24d76a1 ekit-equal-height-disable elementor-widget elementor-widget-elementskit-icon-box\" data-id=\"24d76a1\" data-element_type=\"widget\" data-e-type=\"widget\" data-settings=\"{&quot;ekit_we_effect_on&quot;:&quot;none&quot;}\" data-widget_type=\"elementskit-icon-box.default\">\n\t\t\t\t<div class=\"elementor-widget-container\">\n\t\t\t\t\t<div class=\"ekit-wid-con\" >        <!-- link opening -->\n                <!-- end link opening -->\n\n        <div class=\"elementskit-infobox text-center text- icon-top-align elementor-animation-   \">\n                    <div class=\"elementskit-box-header elementor-animation-\">\n                <div class=\"elementskit-info-box-icon  \">\n                    <i aria-hidden=\"true\" class=\"elementkit-infobox-icon fas fa-grip-horizontal\"><\/i>\n                <\/div>\n          <\/div>\n                        <div class=\"box-body\">\n                            <h3 class=\"elementskit-info-box-title\">\n                    Minist\u00e8re                <\/h3>\n                        \t\t  \t<p>de l\u2019\u00c9ducation<\/p>\n                                        <div class=\"box-footer disable_hover_button\">\n                    <div class=\"btn-wraper\">\n                                                            <a class=\"elementskit-btn whitespace--normal\" href=\"https:\/\/www.gov.nl.ca\/education\/k12\/french\/languepremiere\/\" target=\"_blank\" rel=\"noopener\">\n                                                                                Plus d\u2019informations                                    <\/a>\n                                                        <\/div>\n                <\/div>\n                    <\/div>\n        \n        \n                <\/div>\n        <\/div>\t\t\t\t<\/div>\n\t\t\t\t<\/div>\n\t\t\t\t\t<\/div>\n\t\t<\/div>\n\t\t\t\t\t<\/div>\n\t\t<\/section>\n\t\t\t\t<\/div>\n\t\t","protected":false},"excerpt":{"rendered":"<p>\u00c9cole Rocher-du-Nord Programmes scolaires L\u2019\u00c9cole Rocher-du-Nord offre le programme de fran\u00e7ais langue premi\u00e8re du Minist\u00e8re de l\u2019\u00c9ducation de Terre-Neuve-et-Labrador, de la 5e \u00e0 la 12e ann\u00e9e. Dans le programme de fran\u00e7ais langue premi\u00e8re, l\u2019enseignement se fait en fran\u00e7ais, \u00e0 tous les niveaux et dans toutes les mati\u00e8res, sauf pour le cours d\u2019anglais. Nous avons \u00e9galement [&hellip;]<\/p>\n","protected":false},"author":1,"featured_media":0,"parent":0,"menu_order":0,"comment_status":"closed","ping_status":"closed","template":"elementor_header_footer","meta":{"_acf_changed":false,"footnotes":""},"class_list":["post-5158","page","type-page","status-publish","hentry"],"acf":[],"_links":{"self":[{"href":"https:\/\/csfp.nl.ca\/rdn\/wp-json\/wp\/v2\/pages\/5158","targetHints":{"allow":["GET"]}}],"collection":[{"href":"https:\/\/csfp.nl.ca\/rdn\/wp-json\/wp\/v2\/pages"}],"about":[{"href":"https:\/\/csfp.nl.ca\/rdn\/wp-json\/wp\/v2\/types\/page"}],"author":[{"embeddable":true,"href":"https:\/\/csfp.nl.ca\/rdn\/wp-json\/wp\/v2\/users\/1"}],"replies":[{"embeddable":true,"href":"https:\/\/csfp.nl.ca\/rdn\/wp-json\/wp\/v2\/comments?post=5158"}],"version-history":[{"count":98,"href":"https:\/\/csfp.nl.ca\/rdn\/wp-json\/wp\/v2\/pages\/5158\/revisions"}],"predecessor-version":[{"id":9150,"href":"https:\/\/csfp.nl.ca\/rdn\/wp-json\/wp\/v2\/pages\/5158\/revisions\/9150"}],"wp:attachment":[{"href":"https:\/\/csfp.nl.ca\/rdn\/wp-json\/wp\/v2\/media?parent=5158"}],"curies":[{"name":"wp","href":"https:\/\/api.w.org\/{rel}","templated":true}]}}