{"id":5126,"date":"2020-08-14T09:56:17","date_gmt":"2020-08-14T12:56:17","guid":{"rendered":"https:\/\/ecole-des-grands-vents.csfpnl.agisys.ca\/?page_id=5126"},"modified":"2025-08-28T11:50:43","modified_gmt":"2025-08-28T14:20:43","slug":"code-de-vie","status":"publish","type":"page","link":"https:\/\/csfp.nl.ca\/grands-vents\/code-de-vie\/","title":{"rendered":"Code de vie"},"content":{"rendered":"\t\t<div data-elementor-type=\"wp-page\" data-elementor-id=\"5126\" class=\"elementor elementor-5126\" data-elementor-post-type=\"page\">\n\t\t\t\t\t\t<section class=\"elementor-section elementor-top-section elementor-element elementor-element-57770df elementor-section-boxed elementor-section-height-default elementor-section-height-default\" data-id=\"57770df\" data-element_type=\"section\" data-e-type=\"section\" data-settings=\"{&quot;background_background&quot;:&quot;classic&quot;,&quot;ekit_has_onepagescroll_dot&quot;:&quot;yes&quot;}\">\n\t\t\t\t\t\t\t<div class=\"elementor-background-overlay\"><\/div>\n\t\t\t\t\t\t\t<div class=\"elementor-container elementor-column-gap-default\">\n\t\t\t\t\t<div class=\"elementor-column elementor-col-100 elementor-top-column elementor-element elementor-element-310e189\" data-id=\"310e189\" data-element_type=\"column\" data-e-type=\"column\">\n\t\t\t<div class=\"elementor-widget-wrap elementor-element-populated\">\n\t\t\t\t\t\t<div class=\"elementor-element elementor-element-ebfaa96 elementor-widget elementor-widget-turitor-title\" data-id=\"ebfaa96\" data-element_type=\"widget\" data-e-type=\"widget\" data-settings=\"{&quot;ekit_we_effect_on&quot;:&quot;none&quot;}\" data-widget_type=\"turitor-title.default\">\n\t\t\t\t<div class=\"elementor-widget-container\">\n\t\t\t\t\t\n   <div class=\"ts-section-title title-center\">\n\t\t<h2 class=\"section-title \">\n\t\t\t\t\t\t\t<span class=\"sub-title\">\u00c9cole des Grands-Vents<\/span>\n\t\t\t        Code de vie     <\/h2>\n               <i class=\"\"><\/i>\n\t\t\t      \n   <\/div>\n\n    \t\t\t\t<\/div>\n\t\t\t\t<\/div>\n\t\t\t\t<div class=\"elementor-element elementor-element-eb29dda elementor-widget-divider--view-line elementor-invisible elementor-widget elementor-widget-divider\" data-id=\"eb29dda\" data-element_type=\"widget\" data-e-type=\"widget\" data-settings=\"{&quot;_animation&quot;:&quot;bounceInLeft&quot;,&quot;ekit_we_effect_on&quot;:&quot;none&quot;}\" data-widget_type=\"divider.default\">\n\t\t\t\t<div class=\"elementor-widget-container\">\n\t\t\t\t\t\t\t<div class=\"elementor-divider\">\n\t\t\t<span class=\"elementor-divider-separator\">\n\t\t\t\t\t\t<\/span>\n\t\t<\/div>\n\t\t\t\t\t\t<\/div>\n\t\t\t\t<\/div>\n\t\t\t\t\t<\/div>\n\t\t<\/div>\n\t\t\t\t\t<\/div>\n\t\t<\/section>\n\t\t\t\t<section class=\"elementor-section elementor-top-section elementor-element elementor-element-553f20b elementor-section-boxed elementor-section-height-default elementor-section-height-default\" data-id=\"553f20b\" data-element_type=\"section\" data-e-type=\"section\" data-settings=\"{&quot;ekit_has_onepagescroll_dot&quot;:&quot;yes&quot;}\">\n\t\t\t\t\t\t<div class=\"elementor-container elementor-column-gap-default\">\n\t\t\t\t\t<div class=\"elementor-column elementor-col-66 elementor-top-column elementor-element elementor-element-6144842\" data-id=\"6144842\" data-element_type=\"column\" data-e-type=\"column\">\n\t\t\t<div class=\"elementor-widget-wrap elementor-element-populated\">\n\t\t\t\t\t\t<div class=\"elementor-element elementor-element-76cb110 elementor-widget elementor-widget-turitor-title\" data-id=\"76cb110\" data-element_type=\"widget\" data-e-type=\"widget\" data-settings=\"{&quot;ekit_we_effect_on&quot;:&quot;none&quot;}\" data-widget_type=\"turitor-title.default\">\n\t\t\t\t<div class=\"elementor-widget-container\">\n\t\t\t\t\t\n   <div class=\"ts-section-title title-left\">\n\t\t<h2 class=\"section-title \">\n\t\t\t\t\t\t\t<span class=\"sub-title\">\u00c0 l\u2019\u00c9cole des Grands-Vents,<\/span>\n\t\t\t             <\/h2>\n               <i class=\"\"><\/i>\n\t\t\t      \n   <\/div>\n\n    \t\t\t\t<\/div>\n\t\t\t\t<\/div>\n\t\t\t\t<div class=\"elementor-element elementor-element-4771723 elementor-widget elementor-widget-text-editor\" data-id=\"4771723\" data-element_type=\"widget\" data-e-type=\"widget\" data-settings=\"{&quot;ekit_we_effect_on&quot;:&quot;none&quot;}\" data-widget_type=\"text-editor.default\">\n\t\t\t\t<div class=\"elementor-widget-container\">\n\t\t\t\t\t\t\t\t\t<p>Notre code de vie repose sur des valeurs essentielles : le respect (la collaboration), l\u2019autonomie (la responsabilisation), la fiert\u00e9, l&rsquo;engagement et l&rsquo;inclusion, ainsi que l&rsquo;\u00e9quit\u00e9. Ces valeurs incarnent notre engagement identitaire envers la langue fran\u00e7aise et le bien-\u00eatre de tous. L\u2019\u00c9cole des Grands-Vents s\u2019efforce d&rsquo;offrir \u00e0 tous ses \u00e9l\u00e8ves une \u00e9ducation en langue fran\u00e7aise de qualit\u00e9 et diversifi\u00e9e, en promouvant activement la culture francophone.<\/p>\t\t\t\t\t\t\t\t<\/div>\n\t\t\t\t<\/div>\n\t\t\t\t\t<\/div>\n\t\t<\/div>\n\t\t\t\t<div class=\"elementor-column elementor-col-33 elementor-top-column elementor-element elementor-element-2434ddf\" data-id=\"2434ddf\" data-element_type=\"column\" data-e-type=\"column\" data-settings=\"{&quot;background_background&quot;:&quot;classic&quot;}\">\n\t\t\t<div class=\"elementor-widget-wrap elementor-element-populated\">\n\t\t\t\t\t<div class=\"elementor-background-overlay\"><\/div>\n\t\t\t\t\t\t<section class=\"elementor-section elementor-inner-section elementor-element elementor-element-214c73a elementor-section-boxed elementor-section-height-default elementor-section-height-default\" data-id=\"214c73a\" data-element_type=\"section\" data-e-type=\"section\" data-settings=\"{&quot;background_background&quot;:&quot;classic&quot;,&quot;ekit_has_onepagescroll_dot&quot;:&quot;yes&quot;}\">\n\t\t\t\t\t\t<div class=\"elementor-container elementor-column-gap-default\">\n\t\t\t\t\t<div class=\"elementor-column elementor-col-100 elementor-inner-column elementor-element elementor-element-9accbb3\" data-id=\"9accbb3\" data-element_type=\"column\" data-e-type=\"column\">\n\t\t\t<div class=\"elementor-widget-wrap elementor-element-populated\">\n\t\t\t\t\t\t<div class=\"elementor-element elementor-element-849bd07 elementor-widget elementor-widget-turitor-title\" data-id=\"849bd07\" data-element_type=\"widget\" data-e-type=\"widget\" data-settings=\"{&quot;ekit_we_effect_on&quot;:&quot;none&quot;}\" data-widget_type=\"turitor-title.default\">\n\t\t\t\t<div class=\"elementor-widget-container\">\n\t\t\t\t\t\n   <div class=\"ts-section-title title-center\">\n\t\t<h2 class=\"section-title \">\n\t\t\t        Les cinq r\u00e8gles d\u2019or     <\/h2>\n               <i class=\"\"><\/i>\n\t\t\t      \n   <\/div>\n\n    \t\t\t\t<\/div>\n\t\t\t\t<\/div>\n\t\t\t\t<div class=\"elementor-element elementor-element-282dde6 elementor-widget-divider--view-line elementor-invisible elementor-widget elementor-widget-divider\" data-id=\"282dde6\" data-element_type=\"widget\" data-e-type=\"widget\" data-settings=\"{&quot;_animation&quot;:&quot;bounceInLeft&quot;,&quot;ekit_we_effect_on&quot;:&quot;none&quot;}\" data-widget_type=\"divider.default\">\n\t\t\t\t<div class=\"elementor-widget-container\">\n\t\t\t\t\t\t\t<div class=\"elementor-divider\">\n\t\t\t<span class=\"elementor-divider-separator\">\n\t\t\t\t\t\t<\/span>\n\t\t<\/div>\n\t\t\t\t\t\t<\/div>\n\t\t\t\t<\/div>\n\t\t\t\t<div class=\"elementor-element elementor-element-0acbd7b elementor-icon-list--layout-traditional elementor-list-item-link-full_width elementor-widget elementor-widget-icon-list\" data-id=\"0acbd7b\" data-element_type=\"widget\" data-e-type=\"widget\" data-settings=\"{&quot;ekit_we_effect_on&quot;:&quot;none&quot;}\" data-widget_type=\"icon-list.default\">\n\t\t\t\t<div class=\"elementor-widget-container\">\n\t\t\t\t\t\t\t<ul class=\"elementor-icon-list-items\">\n\t\t\t\t\t\t\t<li class=\"elementor-icon-list-item\">\n\t\t\t\t\t\t\t\t\t\t\t<span class=\"elementor-icon-list-icon\">\n\t\t\t\t\t\t\t<i aria-hidden=\"true\" class=\"far fa-check-circle\"><\/i>\t\t\t\t\t\t<\/span>\n\t\t\t\t\t\t\t\t\t\t<span class=\"elementor-icon-list-text\">Je parle fran\u00e7ais \u00e0 l\u2019\u00e9cole.<\/span>\n\t\t\t\t\t\t\t\t\t<\/li>\n\t\t\t\t\t\t\t\t<li class=\"elementor-icon-list-item\">\n\t\t\t\t\t\t\t\t\t\t\t<span class=\"elementor-icon-list-icon\">\n\t\t\t\t\t\t\t<i aria-hidden=\"true\" class=\"far fa-check-circle\"><\/i>\t\t\t\t\t\t<\/span>\n\t\t\t\t\t\t\t\t\t\t<span class=\"elementor-icon-list-text\">Je respecte les autres et je me respecte.<\/span>\n\t\t\t\t\t\t\t\t\t<\/li>\n\t\t\t\t\t\t\t\t<li class=\"elementor-icon-list-item\">\n\t\t\t\t\t\t\t\t\t\t\t<span class=\"elementor-icon-list-icon\">\n\t\t\t\t\t\t\t<i aria-hidden=\"true\" class=\"far fa-check-circle\"><\/i>\t\t\t\t\t\t<\/span>\n\t\t\t\t\t\t\t\t\t\t<span class=\"elementor-icon-list-text\">Je suis responsable de mes actions et j\u2019accepte les cons\u00e9quences.<\/span>\n\t\t\t\t\t\t\t\t\t<\/li>\n\t\t\t\t\t\t\t\t<li class=\"elementor-icon-list-item\">\n\t\t\t\t\t\t\t\t\t\t\t<span class=\"elementor-icon-list-icon\">\n\t\t\t\t\t\t\t<i aria-hidden=\"true\" class=\"tsicon tsicon-checked\"><\/i>\t\t\t\t\t\t<\/span>\n\t\t\t\t\t\t\t\t\t\t<span class=\"elementor-icon-list-text\">Je fais de mon mieux et je m'engage dans mes apprentissages<\/span>\n\t\t\t\t\t\t\t\t\t<\/li>\n\t\t\t\t\t\t\t\t<li class=\"elementor-icon-list-item\">\n\t\t\t\t\t\t\t\t\t\t\t<span class=\"elementor-icon-list-icon\">\n\t\t\t\t\t\t\t<i aria-hidden=\"true\" class=\"icon icon-checked\"><\/i>\t\t\t\t\t\t<\/span>\n\t\t\t\t\t\t\t\t\t\t<span class=\"elementor-icon-list-text\">Je suis tol\u00e9rant.e et j'accepte les diff\u00e9rences<\/span>\n\t\t\t\t\t\t\t\t\t<\/li>\n\t\t\t\t\t\t<\/ul>\n\t\t\t\t\t\t<\/div>\n\t\t\t\t<\/div>\n\t\t\t\t<div class=\"elementor-element elementor-element-8d03223 ekit-equal-height-disable elementor-widget elementor-widget-elementskit-icon-box\" data-id=\"8d03223\" data-element_type=\"widget\" data-e-type=\"widget\" data-settings=\"{&quot;ekit_we_effect_on&quot;:&quot;none&quot;}\" data-widget_type=\"elementskit-icon-box.default\">\n\t\t\t\t<div class=\"elementor-widget-container\">\n\t\t\t\t\t<div class=\"ekit-wid-con\" >        <!-- link opening -->\n                <!-- end link opening -->\n\n        <div class=\"elementskit-infobox text-center text- icon-top-align elementor-animation-   \">\n                    <div class=\"elementskit-box-header elementor-animation-\">\n                <div class=\"elementskit-info-box-icon  \">\n                    <i aria-hidden=\"true\" class=\"elementkit-infobox-icon tsicon tsicon-book\"><\/i>\n                <\/div>\n          <\/div>\n                        <div class=\"box-body\">\n                            <h3 class=\"elementskit-info-box-title\">\n                    Code de vie                <\/h3>\n                        \t\t  \t<p>2025-2026<\/p>\n                                        <div class=\"box-footer disable_hover_button\">\n                    <div class=\"btn-wraper\">\n                                                            <a class=\"elementskit-btn whitespace--normal\" href=\"https:\/\/csfp.nl.ca\/grands-vents\/wp-content\/uploads\/sites\/2\/2025\/08\/EGV_Code-de-vie-2025-26.pdf\" target=\"_blank\">\n                                                                                Consulter le Code de vie                                    <\/a>\n                                                        <\/div>\n                <\/div>\n                    <\/div>\n        \n        \n                <\/div>\n        <\/div>\t\t\t\t<\/div>\n\t\t\t\t<\/div>\n\t\t\t\t\t<\/div>\n\t\t<\/div>\n\t\t\t\t\t<\/div>\n\t\t<\/section>\n\t\t\t\t\t<\/div>\n\t\t<\/div>\n\t\t\t\t\t<\/div>\n\t\t<\/section>\n\t\t\t\t<section class=\"elementor-section elementor-top-section elementor-element elementor-element-b62ec3c elementor-section-boxed elementor-section-height-default elementor-section-height-default\" data-id=\"b62ec3c\" data-element_type=\"section\" data-e-type=\"section\" data-settings=\"{&quot;ekit_has_onepagescroll_dot&quot;:&quot;yes&quot;}\">\n\t\t\t\t\t\t<div class=\"elementor-container elementor-column-gap-default\">\n\t\t\t\t\t<div class=\"elementor-column elementor-col-100 elementor-top-column elementor-element elementor-element-633815d\" data-id=\"633815d\" data-element_type=\"column\" data-e-type=\"column\">\n\t\t\t<div class=\"elementor-widget-wrap elementor-element-populated\">\n\t\t\t\t\t\t<div class=\"elementor-element elementor-element-36dff25 elementor-widget elementor-widget-heading\" data-id=\"36dff25\" data-element_type=\"widget\" data-e-type=\"widget\" data-settings=\"{&quot;ekit_we_effect_on&quot;:&quot;none&quot;}\" data-widget_type=\"heading.default\">\n\t\t\t\t<div class=\"elementor-widget-container\">\n\t\t\t\t\t<h2 class=\"elementor-heading-title elementor-size-default\">Le programme DIRE<\/h2>\t\t\t\t<\/div>\n\t\t\t\t<\/div>\n\t\t\t\t\t<\/div>\n\t\t<\/div>\n\t\t\t\t\t<\/div>\n\t\t<\/section>\n\t\t\t\t<section class=\"elementor-section elementor-top-section elementor-element elementor-element-a5e31bc elementor-section-boxed elementor-section-height-default elementor-section-height-default\" data-id=\"a5e31bc\" data-element_type=\"section\" data-e-type=\"section\" data-settings=\"{&quot;ekit_has_onepagescroll_dot&quot;:&quot;yes&quot;}\">\n\t\t\t\t\t\t<div class=\"elementor-container elementor-column-gap-default\">\n\t\t\t\t\t<div class=\"elementor-column elementor-col-100 elementor-top-column elementor-element elementor-element-8b63e6d\" data-id=\"8b63e6d\" data-element_type=\"column\" data-e-type=\"column\">\n\t\t\t<div class=\"elementor-widget-wrap elementor-element-populated\">\n\t\t\t\t\t\t<div class=\"elementor-element elementor-element-a4f0ee1 elementor-widget elementor-widget-text-editor\" data-id=\"a4f0ee1\" data-element_type=\"widget\" data-e-type=\"widget\" data-settings=\"{&quot;ekit_we_effect_on&quot;:&quot;none&quot;}\" data-widget_type=\"text-editor.default\">\n\t\t\t\t<div class=\"elementor-widget-container\">\n\t\t\t\t\t\t\t\t\t<p>L&rsquo;\u00e9cole des Grands-Vents utilise le programme DIRE et le programme MENTOR pour renforcer le code de vie.<\/p><p>Le programme DIRE est un programme de pr\u00e9vention de l\u2019intimidation cr\u00e9\u00e9 <strong><em>par<\/em><\/strong>\u00a0des \u00e9ducateurs\u00a0<strong><em>pour<\/em><\/strong> des \u00e9ducateurs. Le programme donne aux enfants les moyens de faire des choix s\u00fbrs et positifs au sein de leur communaut\u00e9.<\/p><p>Ce programme offre aux \u00e9l\u00e8ves, enseignants, parents, responsables de garde et leaders communautaires un langage commun pour aborder les probl\u00e8mes de victimisation par les pairs et r\u00e9soudre les conflits. \u00c0 travers le Canada, de jeunes enfants affirment avec fiert\u00e9 qu&rsquo;ils \u00ab\u00a0utilisent leur DIRE\u00a0\u00bb en adoptant des comportements positifs et prosociaux. DIRE est un acronyme bas\u00e9 sur quatre strat\u00e9gies cl\u00e9s :<\/p><h3><strong>Demander de l\u2019aide<\/strong><\/h3><h3><strong>Ignorer\u00a0<\/strong><\/h3><h3><strong>Reculer\u00a0<\/strong><\/h3><h3><strong>En parler<\/strong><\/h3><p>\u00a0<\/p><p>DIRE MENTOR est le prolongement de DIRE, \u00e9galement bas\u00e9 sur la litt\u00e9rature, pour les \u00e9l\u00e8ves de la 4e \u00e0 la 6e ann\u00e9e et parfois aussi pour les plus \u00e2g\u00e9s.\u00a0 MENTOR est une progression naturelle de DIRE, mais n\u2019est pas un pr\u00e9requis n\u00e9cessaire, et met les \u00e9l\u00e8ves au d\u00e9fi de devenir des mentors dans leur communaut\u00e9. Cela encourage la compr\u00e9hension de diff\u00e9rentes perspectives en utilisant six strat\u00e9gies de r\u00e9solution de probl\u00e8mes :<\/p><h3><strong>Montre le bon exemple<\/strong><\/h3><h3><strong>\u00c9coute et regarder<\/strong><\/h3><h3><strong>Note les points de vue<\/strong><\/h3><h3><strong>Trouve un moyen d\u2019agir<\/strong><\/h3><h3><strong>O\u00f9 en sommes-nous?<\/strong><\/h3><h3><strong>Recherche de l\u2019aide<\/strong><\/h3>\t\t\t\t\t\t\t\t<\/div>\n\t\t\t\t<\/div>\n\t\t\t\t\t<\/div>\n\t\t<\/div>\n\t\t\t\t\t<\/div>\n\t\t<\/section>\n\t\t\t\t<\/div>\n\t\t","protected":false},"excerpt":{"rendered":"<p>\u00c9cole des Grands-Vents Code de vie \u00c0 l\u2019\u00c9cole des Grands-Vents, Notre code de vie repose sur des valeurs essentielles : le respect (la collaboration), l\u2019autonomie (la responsabilisation), la fiert\u00e9, l&rsquo;engagement et l&rsquo;inclusion, ainsi que l&rsquo;\u00e9quit\u00e9. Ces valeurs incarnent notre engagement identitaire envers la langue fran\u00e7aise et le bien-\u00eatre de tous. L\u2019\u00c9cole des Grands-Vents s\u2019efforce d&rsquo;offrir [&hellip;]<\/p>\n","protected":false},"author":1,"featured_media":0,"parent":0,"menu_order":0,"comment_status":"closed","ping_status":"closed","template":"elementor_header_footer","meta":{"_acf_changed":false,"footnotes":""},"class_list":["post-5126","page","type-page","status-publish","hentry"],"acf":[],"_links":{"self":[{"href":"https:\/\/csfp.nl.ca\/grands-vents\/wp-json\/wp\/v2\/pages\/5126","targetHints":{"allow":["GET"]}}],"collection":[{"href":"https:\/\/csfp.nl.ca\/grands-vents\/wp-json\/wp\/v2\/pages"}],"about":[{"href":"https:\/\/csfp.nl.ca\/grands-vents\/wp-json\/wp\/v2\/types\/page"}],"author":[{"embeddable":true,"href":"https:\/\/csfp.nl.ca\/grands-vents\/wp-json\/wp\/v2\/users\/1"}],"replies":[{"embeddable":true,"href":"https:\/\/csfp.nl.ca\/grands-vents\/wp-json\/wp\/v2\/comments?post=5126"}],"version-history":[{"count":67,"href":"https:\/\/csfp.nl.ca\/grands-vents\/wp-json\/wp\/v2\/pages\/5126\/revisions"}],"predecessor-version":[{"id":9486,"href":"https:\/\/csfp.nl.ca\/grands-vents\/wp-json\/wp\/v2\/pages\/5126\/revisions\/9486"}],"wp:attachment":[{"href":"https:\/\/csfp.nl.ca\/grands-vents\/wp-json\/wp\/v2\/media?parent=5126"}],"curies":[{"name":"wp","href":"https:\/\/api.w.org\/{rel}","templated":true}]}}