{"id":8067,"date":"2021-03-16T09:19:00","date_gmt":"2021-03-16T12:19:00","guid":{"rendered":"https:\/\/ecole-envol.csfpnl.agisys.ca\/?page_id=8067"},"modified":"2024-08-30T10:11:07","modified_gmt":"2024-08-30T13:11:07","slug":"bulletins-du-mois","status":"publish","type":"page","link":"https:\/\/csfp.nl.ca\/envol\/bulletins-du-mois\/","title":{"rendered":"Bulletins du mois"},"content":{"rendered":"\t\t<div data-elementor-type=\"wp-page\" data-elementor-id=\"8067\" class=\"elementor elementor-8067\" data-elementor-post-type=\"page\">\n\t\t\t\t\t\t<section class=\"elementor-section elementor-top-section elementor-element elementor-element-da7618c elementor-section-boxed elementor-section-height-default elementor-section-height-default\" data-id=\"da7618c\" data-element_type=\"section\" data-e-type=\"section\" data-settings=\"{&quot;background_background&quot;:&quot;classic&quot;,&quot;ekit_has_onepagescroll_dot&quot;:&quot;yes&quot;}\">\n\t\t\t\t\t\t<div class=\"elementor-container elementor-column-gap-default\">\n\t\t\t\t\t<div class=\"elementor-column elementor-col-100 elementor-top-column elementor-element elementor-element-3ce040a\" data-id=\"3ce040a\" data-element_type=\"column\" data-e-type=\"column\">\n\t\t\t<div class=\"elementor-widget-wrap elementor-element-populated\">\n\t\t\t\t\t\t<div class=\"elementor-element elementor-element-92a012e elementor-widget elementor-widget-turitor-title\" data-id=\"92a012e\" data-element_type=\"widget\" data-e-type=\"widget\" data-settings=\"{&quot;ekit_we_effect_on&quot;:&quot;none&quot;}\" data-widget_type=\"turitor-title.default\">\n\t\t\t\t<div class=\"elementor-widget-container\">\n\t\t\t\t\t\n   <div class=\"ts-section-title title-center\">\n\t\t<h2 class=\"section-title \">\n\t\t\t\t\t\t\t<span class=\"sub-title\">\u00c9cole l&#039;ENVOL<\/span>\n\t\t\t        Bulletin du mois     <\/h2>\n               <i class=\"\"><\/i>\n\t\t\t      \n   <\/div>\n\n    \t\t\t\t<\/div>\n\t\t\t\t<\/div>\n\t\t\t\t<div class=\"elementor-element elementor-element-dbf842e elementor-widget-divider--view-line elementor-invisible elementor-widget elementor-widget-divider\" data-id=\"dbf842e\" data-element_type=\"widget\" data-e-type=\"widget\" data-settings=\"{&quot;_animation&quot;:&quot;bounceInLeft&quot;,&quot;ekit_we_effect_on&quot;:&quot;none&quot;}\" data-widget_type=\"divider.default\">\n\t\t\t\t<div class=\"elementor-widget-container\">\n\t\t\t\t\t\t\t<div class=\"elementor-divider\">\n\t\t\t<span class=\"elementor-divider-separator\">\n\t\t\t\t\t\t<\/span>\n\t\t<\/div>\n\t\t\t\t\t\t<\/div>\n\t\t\t\t<\/div>\n\t\t\t\t\t<\/div>\n\t\t<\/div>\n\t\t\t\t\t<\/div>\n\t\t<\/section>\n\t\t\t\t<section class=\"elementor-section elementor-top-section elementor-element elementor-element-e5eb7c1 elementor-section-boxed elementor-section-height-default elementor-section-height-default\" data-id=\"e5eb7c1\" data-element_type=\"section\" data-e-type=\"section\" data-settings=\"{&quot;ekit_has_onepagescroll_dot&quot;:&quot;yes&quot;}\">\n\t\t\t\t\t\t<div class=\"elementor-container elementor-column-gap-default\">\n\t\t\t\t\t<div class=\"elementor-column elementor-col-100 elementor-top-column elementor-element elementor-element-dbb80a0\" data-id=\"dbb80a0\" data-element_type=\"column\" data-e-type=\"column\" data-settings=\"{&quot;background_background&quot;:&quot;classic&quot;}\">\n\t\t\t<div class=\"elementor-widget-wrap elementor-element-populated\">\n\t\t\t\t\t<div class=\"elementor-background-overlay\"><\/div>\n\t\t\t\t\t\t<section class=\"elementor-section elementor-inner-section elementor-element elementor-element-7c88be6 elementor-section-boxed elementor-section-height-default elementor-section-height-default\" data-id=\"7c88be6\" data-element_type=\"section\" data-e-type=\"section\" data-settings=\"{&quot;background_background&quot;:&quot;classic&quot;,&quot;ekit_has_onepagescroll_dot&quot;:&quot;yes&quot;}\">\n\t\t\t\t\t\t<div class=\"elementor-container elementor-column-gap-default\">\n\t\t\t\t\t<div class=\"elementor-column elementor-col-100 elementor-inner-column elementor-element elementor-element-baf2f83\" data-id=\"baf2f83\" data-element_type=\"column\" data-e-type=\"column\">\n\t\t\t<div class=\"elementor-widget-wrap elementor-element-populated\">\n\t\t\t\t\t\t<div class=\"elementor-element elementor-element-c049317 elementor-widget elementor-widget-turitor-title\" data-id=\"c049317\" data-element_type=\"widget\" data-e-type=\"widget\" data-settings=\"{&quot;ekit_we_effect_on&quot;:&quot;none&quot;}\" data-widget_type=\"turitor-title.default\">\n\t\t\t\t<div class=\"elementor-widget-container\">\n\t\t\t\t\t\n   <div class=\"ts-section-title title-left\">\n\t\t<h2 class=\"section-title \">\n\t\t\t\t\t\t\t<span class=\"sub-title\">Juin<\/span>\n\t\t\t             <\/h2>\n               <i class=\"\"><\/i>\n\t\t\t      \n   <\/div>\n\n    \t\t\t\t<\/div>\n\t\t\t\t<\/div>\n\t\t\t\t<div class=\"elementor-element elementor-element-bb21446 elementor-widget elementor-widget-turitor-title\" data-id=\"bb21446\" data-element_type=\"widget\" data-e-type=\"widget\" data-settings=\"{&quot;ekit_we_effect_on&quot;:&quot;none&quot;}\" data-widget_type=\"turitor-title.default\">\n\t\t\t\t<div class=\"elementor-widget-container\">\n\t\t\t\t\t\n   <div class=\"ts-section-title title-left\">\n\t\t<h2 class=\"section-title \">\n\t\t\t\t\t\t\t<span class=\"sub-title\">Mai<\/span>\n\t\t\t             <\/h2>\n               <i class=\"\"><\/i>\n\t\t\t      \n   <\/div>\n\n    \t\t\t\t<\/div>\n\t\t\t\t<\/div>\n\t\t\t\t<div class=\"elementor-element elementor-element-6357d63 elementor-widget elementor-widget-turitor-title\" data-id=\"6357d63\" data-element_type=\"widget\" data-e-type=\"widget\" data-settings=\"{&quot;ekit_we_effect_on&quot;:&quot;none&quot;}\" data-widget_type=\"turitor-title.default\">\n\t\t\t\t<div class=\"elementor-widget-container\">\n\t\t\t\t\t\n   <div class=\"ts-section-title title-left\">\n\t\t<h2 class=\"section-title \">\n\t\t\t\t\t\t\t<span class=\"sub-title\">Avril<\/span>\n\t\t\t             <\/h2>\n               <i class=\"\"><\/i>\n\t\t\t      \n   <\/div>\n\n    \t\t\t\t<\/div>\n\t\t\t\t<\/div>\n\t\t\t\t<div class=\"elementor-element elementor-element-70639aa elementor-widget elementor-widget-turitor-title\" data-id=\"70639aa\" data-element_type=\"widget\" data-e-type=\"widget\" data-settings=\"{&quot;ekit_we_effect_on&quot;:&quot;none&quot;}\" data-widget_type=\"turitor-title.default\">\n\t\t\t\t<div class=\"elementor-widget-container\">\n\t\t\t\t\t\n   <div class=\"ts-section-title title-left\">\n\t\t<h2 class=\"section-title \">\n\t\t\t\t\t\t\t<span class=\"sub-title\">Mars<\/span>\n\t\t\t             <\/h2>\n               <i class=\"\"><\/i>\n\t\t\t      \n   <\/div>\n\n    \t\t\t\t<\/div>\n\t\t\t\t<\/div>\n\t\t\t\t<div class=\"elementor-element elementor-element-7cea9e6 elementor-widget elementor-widget-turitor-title\" data-id=\"7cea9e6\" data-element_type=\"widget\" data-e-type=\"widget\" data-settings=\"{&quot;ekit_we_effect_on&quot;:&quot;none&quot;}\" data-widget_type=\"turitor-title.default\">\n\t\t\t\t<div class=\"elementor-widget-container\">\n\t\t\t\t\t\n   <div class=\"ts-section-title title-left\">\n\t\t<h2 class=\"section-title \">\n\t\t\t\t\t\t\t<span class=\"sub-title\">F\u00e9vrier <\/span>\n\t\t\t             <\/h2>\n               <i class=\"\"><\/i>\n\t\t\t      \n   <\/div>\n\n    \t\t\t\t<\/div>\n\t\t\t\t<\/div>\n\t\t\t\t<div class=\"elementor-element elementor-element-b0b37f3 elementor-widget elementor-widget-turitor-title\" data-id=\"b0b37f3\" data-element_type=\"widget\" data-e-type=\"widget\" data-settings=\"{&quot;ekit_we_effect_on&quot;:&quot;none&quot;}\" data-widget_type=\"turitor-title.default\">\n\t\t\t\t<div class=\"elementor-widget-container\">\n\t\t\t\t\t\n   <div class=\"ts-section-title title-left\">\n\t\t<h2 class=\"section-title \">\n\t\t\t\t\t\t\t<span class=\"sub-title\">Janvier <\/span>\n\t\t\t             <\/h2>\n               <i class=\"\"><\/i>\n\t\t\t      \n   <\/div>\n\n    \t\t\t\t<\/div>\n\t\t\t\t<\/div>\n\t\t\t\t<div class=\"elementor-element elementor-element-3958952 elementor-widget elementor-widget-turitor-title\" data-id=\"3958952\" data-element_type=\"widget\" data-e-type=\"widget\" data-settings=\"{&quot;ekit_we_effect_on&quot;:&quot;none&quot;}\" data-widget_type=\"turitor-title.default\">\n\t\t\t\t<div class=\"elementor-widget-container\">\n\t\t\t\t\t\n   <div class=\"ts-section-title title-left\">\n\t\t<h2 class=\"section-title \">\n\t\t\t\t\t\t\t<span class=\"sub-title\">D\u00e9cembre <\/span>\n\t\t\t             <\/h2>\n               <i class=\"\"><\/i>\n\t\t\t      \n   <\/div>\n\n    \t\t\t\t<\/div>\n\t\t\t\t<\/div>\n\t\t\t\t<div class=\"elementor-element elementor-element-c99b3d3 elementor-widget elementor-widget-turitor-title\" data-id=\"c99b3d3\" data-element_type=\"widget\" data-e-type=\"widget\" data-settings=\"{&quot;ekit_we_effect_on&quot;:&quot;none&quot;}\" data-widget_type=\"turitor-title.default\">\n\t\t\t\t<div class=\"elementor-widget-container\">\n\t\t\t\t\t\n   <div class=\"ts-section-title title-left\">\n\t\t<h2 class=\"section-title \">\n\t\t\t\t\t\t\t<span class=\"sub-title\">Novembre <\/span>\n\t\t\t             <\/h2>\n               <i class=\"\"><\/i>\n\t\t\t      \n   <\/div>\n\n    \t\t\t\t<\/div>\n\t\t\t\t<\/div>\n\t\t\t\t<div class=\"elementor-element elementor-element-4193340 elementor-widget elementor-widget-turitor-title\" data-id=\"4193340\" data-element_type=\"widget\" data-e-type=\"widget\" data-settings=\"{&quot;ekit_we_effect_on&quot;:&quot;none&quot;}\" data-widget_type=\"turitor-title.default\">\n\t\t\t\t<div class=\"elementor-widget-container\">\n\t\t\t\t\t\n   <div class=\"ts-section-title title-left\">\n\t\t<h2 class=\"section-title \">\n\t\t\t\t\t\t\t<span class=\"sub-title\">Octobre <\/span>\n\t\t\t             <\/h2>\n               <i class=\"\"><\/i>\n\t\t\t      \n   <\/div>\n\n    \t\t\t\t<\/div>\n\t\t\t\t<\/div>\n\t\t\t\t<div class=\"elementor-element elementor-element-d5bfaf7 elementor-widget elementor-widget-turitor-title\" data-id=\"d5bfaf7\" data-element_type=\"widget\" data-e-type=\"widget\" data-settings=\"{&quot;ekit_we_effect_on&quot;:&quot;none&quot;}\" data-widget_type=\"turitor-title.default\">\n\t\t\t\t<div class=\"elementor-widget-container\">\n\t\t\t\t\t\n   <div class=\"ts-section-title title-left\">\n\t\t<h2 class=\"section-title \">\n\t\t\t\t\t\t\t<span class=\"sub-title\">Septembre <\/span>\n\t\t\t             <\/h2>\n               <i class=\"\"><\/i>\n\t\t\t      \n   <\/div>\n\n    \t\t\t\t<\/div>\n\t\t\t\t<\/div>\n\t\t\t\t<div class=\"elementor-element elementor-element-65a35d4 elementor-widget-elementskit-dual-button-start elementor-widget elementor-widget-elementskit-dual-button\" data-id=\"65a35d4\" data-element_type=\"widget\" data-e-type=\"widget\" data-settings=\"{&quot;ekit_we_effect_on&quot;:&quot;none&quot;}\" data-widget_type=\"elementskit-dual-button.default\">\n\t\t\t\t<div class=\"elementor-widget-container\">\n\t\t\t\t\t<div class=\"ekit-wid-con\" >\n                <div class=\"ekit-element-align-wrapper\">\n                    <div class=\"ekit_double_button\">                <a class=\"ekit-double-btn ekit-double-btn-one\" href=\"https:\/\/csfp.nl.ca\/envol\/wp-content\/uploads\/sites\/8\/2021\/03\/Septembre-2020-.pdf\">\n                    Fran\u00e7ais<i aria-hidden=\"true\" class=\"fas fa-arrow-right\"><\/i>                <\/a>\n            \n            <a class=\"ekit-double-btn ekit-double-btn-two\" href=\"https:\/\/csfp.nl.ca\/envol\/wp-content\/uploads\/sites\/8\/2021\/03\/September-2020-.pdf\">\n                    English<i aria-hidden=\"true\" class=\"fas fa-arrow-right\"><\/i>                <\/a>\n                  <\/div>\n                <\/div>\n            <\/div>\t\t\t\t<\/div>\n\t\t\t\t<\/div>\n\t\t\t\t<div class=\"elementor-element elementor-element-dfeaf75 elementor-widget-divider--view-line elementor-widget elementor-widget-divider\" data-id=\"dfeaf75\" data-element_type=\"widget\" data-e-type=\"widget\" data-settings=\"{&quot;ekit_we_effect_on&quot;:&quot;none&quot;}\" data-widget_type=\"divider.default\">\n\t\t\t\t<div class=\"elementor-widget-container\">\n\t\t\t\t\t\t\t<div class=\"elementor-divider\">\n\t\t\t<span class=\"elementor-divider-separator\">\n\t\t\t\t\t\t<\/span>\n\t\t<\/div>\n\t\t\t\t\t\t<\/div>\n\t\t\t\t<\/div>\n\t\t\t\t\t<\/div>\n\t\t<\/div>\n\t\t\t\t\t<\/div>\n\t\t<\/section>\n\t\t\t\t\t<\/div>\n\t\t<\/div>\n\t\t\t\t\t<\/div>\n\t\t<\/section>\n\t\t\t\t<\/div>\n\t\t","protected":false},"excerpt":{"rendered":"<p>\u00c9cole l&#039;ENVOL Bulletin du mois Juin Mai Avril Mars F\u00e9vrier Janvier D\u00e9cembre Novembre Octobre Septembre Fran\u00e7ais English<\/p>\n","protected":false},"author":12,"featured_media":0,"parent":0,"menu_order":0,"comment_status":"closed","ping_status":"closed","template":"elementor_header_footer","meta":{"_acf_changed":false,"footnotes":""},"class_list":["post-8067","page","type-page","status-publish","hentry"],"acf":[],"_links":{"self":[{"href":"https:\/\/csfp.nl.ca\/envol\/wp-json\/wp\/v2\/pages\/8067","targetHints":{"allow":["GET"]}}],"collection":[{"href":"https:\/\/csfp.nl.ca\/envol\/wp-json\/wp\/v2\/pages"}],"about":[{"href":"https:\/\/csfp.nl.ca\/envol\/wp-json\/wp\/v2\/types\/page"}],"author":[{"embeddable":true,"href":"https:\/\/csfp.nl.ca\/envol\/wp-json\/wp\/v2\/users\/12"}],"replies":[{"embeddable":true,"href":"https:\/\/csfp.nl.ca\/envol\/wp-json\/wp\/v2\/comments?post=8067"}],"version-history":[{"count":64,"href":"https:\/\/csfp.nl.ca\/envol\/wp-json\/wp\/v2\/pages\/8067\/revisions"}],"predecessor-version":[{"id":8797,"href":"https:\/\/csfp.nl.ca\/envol\/wp-json\/wp\/v2\/pages\/8067\/revisions\/8797"}],"wp:attachment":[{"href":"https:\/\/csfp.nl.ca\/envol\/wp-json\/wp\/v2\/media?parent=8067"}],"curies":[{"name":"wp","href":"https:\/\/api.w.org\/{rel}","templated":true}]}}