{"id":7069,"date":"2021-01-12T13:04:58","date_gmt":"2021-01-12T16:04:58","guid":{"rendered":"https:\/\/ecole-envol.csfpnl.agisys.ca\/?page_id=7069"},"modified":"2021-04-15T10:58:35","modified_gmt":"2021-04-15T13:28:35","slug":"powerschool","status":"publish","type":"page","link":"https:\/\/csfp.nl.ca\/envol\/powerschool\/","title":{"rendered":"Powerschool"},"content":{"rendered":"\t\t<div data-elementor-type=\"wp-page\" data-elementor-id=\"7069\" class=\"elementor elementor-7069\" data-elementor-post-type=\"page\">\n\t\t\t\t\t\t<section class=\"elementor-section elementor-top-section elementor-element elementor-element-7107671f elementor-section-boxed elementor-section-height-default elementor-section-height-default\" data-id=\"7107671f\" data-element_type=\"section\" data-e-type=\"section\" data-settings=\"{&quot;background_background&quot;:&quot;classic&quot;,&quot;ekit_has_onepagescroll_dot&quot;:&quot;yes&quot;}\">\n\t\t\t\t\t\t\t<div class=\"elementor-background-overlay\"><\/div>\n\t\t\t\t\t\t\t<div class=\"elementor-container elementor-column-gap-default\">\n\t\t\t\t\t<div class=\"elementor-column elementor-col-100 elementor-top-column elementor-element elementor-element-2f27dabe\" data-id=\"2f27dabe\" data-element_type=\"column\" data-e-type=\"column\">\n\t\t\t<div class=\"elementor-widget-wrap elementor-element-populated\">\n\t\t\t\t\t\t<div class=\"elementor-element elementor-element-1b4421d0 elementor-widget elementor-widget-image\" data-id=\"1b4421d0\" data-element_type=\"widget\" data-e-type=\"widget\" data-settings=\"{&quot;ekit_we_effect_on&quot;:&quot;none&quot;}\" data-widget_type=\"image.default\">\n\t\t\t\t<div class=\"elementor-widget-container\">\n\t\t\t\t\t\t\t\t\t\t\t\t\t\t\t<img fetchpriority=\"high\" decoding=\"async\" width=\"500\" height=\"124\" src=\"https:\/\/csfp.nl.ca\/envol\/wp-content\/uploads\/sites\/8\/2021\/01\/logo-powerschool-blanc-1.png\" class=\"attachment-large size-large wp-image-7071\" alt=\"\" srcset=\"https:\/\/csfp.nl.ca\/envol\/wp-content\/uploads\/sites\/8\/2021\/01\/logo-powerschool-blanc-1.png 500w, https:\/\/csfp.nl.ca\/envol\/wp-content\/uploads\/sites\/8\/2021\/01\/logo-powerschool-blanc-1-300x74.png 300w\" sizes=\"(max-width: 500px) 100vw, 500px\" \/>\t\t\t\t\t\t\t\t\t\t\t\t\t\t\t<\/div>\n\t\t\t\t<\/div>\n\t\t\t\t<div class=\"elementor-element elementor-element-db541ad elementor-widget-divider--view-line elementor-invisible elementor-widget elementor-widget-divider\" data-id=\"db541ad\" data-element_type=\"widget\" data-e-type=\"widget\" data-settings=\"{&quot;_animation&quot;:&quot;bounceInLeft&quot;,&quot;ekit_we_effect_on&quot;:&quot;none&quot;}\" data-widget_type=\"divider.default\">\n\t\t\t\t<div class=\"elementor-widget-container\">\n\t\t\t\t\t\t\t<div class=\"elementor-divider\">\n\t\t\t<span class=\"elementor-divider-separator\">\n\t\t\t\t\t\t<\/span>\n\t\t<\/div>\n\t\t\t\t\t\t<\/div>\n\t\t\t\t<\/div>\n\t\t\t\t<div class=\"elementor-element elementor-element-ae79782 elementor-widget elementor-widget-text-editor\" data-id=\"ae79782\" data-element_type=\"widget\" data-e-type=\"widget\" data-settings=\"{&quot;ekit_we_effect_on&quot;:&quot;none&quot;}\" data-widget_type=\"text-editor.default\">\n\t\t\t\t<div class=\"elementor-widget-container\">\n\t\t\t\t\t\t\t\t\t<p><span style=\"font-weight: 400;\">Le portail parental de <\/span><b>PowerSchool <\/b><span style=\"font-weight: 400;\">permet aux parents et a\u0300 leur enfant d\u2019avoir acce\u0300s a\u0300 plusieurs renseignements du dossier de l\u2019e\u0301le\u0300ve, dont l\u2019assiduit\u00e9 et les annonces de l\u2019\u00e9cole. \u00c0 partir de la 7<\/span><span style=\"font-weight: 400;\">e<\/span><span style=\"font-weight: 400;\"> ann\u00e9e, ceux-ci ont \u00e9galement acc\u00e8s aux r\u00e9sultats acad\u00e9miques, \u00e0 l\u2019information au sujet des \u00e9valuations et aux \u00e9ch\u00e9anciers des projets et travaux.<\/span><\/p>\t\t\t\t\t\t\t\t<\/div>\n\t\t\t\t<\/div>\n\t\t\t\t\t<\/div>\n\t\t<\/div>\n\t\t\t\t\t<\/div>\n\t\t<\/section>\n\t\t\t\t<section class=\"elementor-section elementor-top-section elementor-element elementor-element-18cc623b elementor-section-stretched elementor-section-boxed elementor-section-height-default elementor-section-height-default\" data-id=\"18cc623b\" data-element_type=\"section\" data-e-type=\"section\" data-settings=\"{&quot;stretch_section&quot;:&quot;section-stretched&quot;,&quot;background_background&quot;:&quot;classic&quot;,&quot;ekit_has_onepagescroll_dot&quot;:&quot;yes&quot;}\">\n\t\t\t\t\t\t<div class=\"elementor-container elementor-column-gap-default\">\n\t\t\t\t\t<div class=\"elementor-column elementor-col-100 elementor-top-column elementor-element elementor-element-4e4a7efe\" data-id=\"4e4a7efe\" data-element_type=\"column\" data-e-type=\"column\">\n\t\t\t<div class=\"elementor-widget-wrap elementor-element-populated\">\n\t\t\t\t\t\t<div class=\"elementor-element elementor-element-4bb63ba0 elementor-widget elementor-widget-image\" data-id=\"4bb63ba0\" data-element_type=\"widget\" data-e-type=\"widget\" data-settings=\"{&quot;ekit_we_effect_on&quot;:&quot;none&quot;}\" data-widget_type=\"image.default\">\n\t\t\t\t<div class=\"elementor-widget-container\">\n\t\t\t\t\t\t\t\t\t\t\t\t\t\t\t\t<a href=\"https:\/\/csfp.nl.ca\/powerschool\/\">\n\t\t\t\t\t\t\t<img fetchpriority=\"high\" decoding=\"async\" width=\"500\" height=\"124\" src=\"https:\/\/csfp.nl.ca\/envol\/wp-content\/uploads\/sites\/8\/2021\/01\/logo-powerschool-blanc-1.png\" class=\"attachment-large size-large wp-image-7071\" alt=\"\" srcset=\"https:\/\/csfp.nl.ca\/envol\/wp-content\/uploads\/sites\/8\/2021\/01\/logo-powerschool-blanc-1.png 500w, https:\/\/csfp.nl.ca\/envol\/wp-content\/uploads\/sites\/8\/2021\/01\/logo-powerschool-blanc-1-300x74.png 300w\" sizes=\"(max-width: 500px) 100vw, 500px\" \/>\t\t\t\t\t\t\t\t<\/a>\n\t\t\t\t\t\t\t\t\t\t\t\t\t\t\t<\/div>\n\t\t\t\t<\/div>\n\t\t\t\t<div class=\"elementor-element elementor-element-763a0df elementor-widget elementor-widget-turitor-title\" data-id=\"763a0df\" data-element_type=\"widget\" data-e-type=\"widget\" data-settings=\"{&quot;ekit_we_effect_on&quot;:&quot;none&quot;}\" data-widget_type=\"turitor-title.default\">\n\t\t\t\t<div class=\"elementor-widget-container\">\n\t\t\t\t\t\n   <div class=\"ts-section-title title-center\">\n\t\t<h2 class=\"section-title \">\n\t\t\t        Acc\u00e8s     <\/h2>\n               <i class=\"\"><\/i>\n\t\t\t      \n   <\/div>\n\n    \t\t\t\t<\/div>\n\t\t\t\t<\/div>\n\t\t\t\t<div class=\"elementor-element elementor-element-7b56dbae elementor-widget-divider--view-line elementor-invisible elementor-widget elementor-widget-divider\" data-id=\"7b56dbae\" data-element_type=\"widget\" data-e-type=\"widget\" data-settings=\"{&quot;_animation&quot;:&quot;bounceInLeft&quot;,&quot;ekit_we_effect_on&quot;:&quot;none&quot;}\" data-widget_type=\"divider.default\">\n\t\t\t\t<div class=\"elementor-widget-container\">\n\t\t\t\t\t\t\t<div class=\"elementor-divider\">\n\t\t\t<span class=\"elementor-divider-separator\">\n\t\t\t\t\t\t<\/span>\n\t\t<\/div>\n\t\t\t\t\t\t<\/div>\n\t\t\t\t<\/div>\n\t\t\t\t<section class=\"elementor-section elementor-inner-section elementor-element elementor-element-5cee6d1b elementor-section-boxed elementor-section-height-default elementor-section-height-default\" data-id=\"5cee6d1b\" data-element_type=\"section\" data-e-type=\"section\" data-settings=\"{&quot;ekit_has_onepagescroll_dot&quot;:&quot;yes&quot;}\">\n\t\t\t\t\t\t<div class=\"elementor-container elementor-column-gap-default\">\n\t\t\t\t\t<div class=\"elementor-column elementor-col-25 elementor-inner-column elementor-element elementor-element-720f4aa7\" data-id=\"720f4aa7\" data-element_type=\"column\" data-e-type=\"column\">\n\t\t\t<div class=\"elementor-widget-wrap elementor-element-populated\">\n\t\t\t\t\t\t<div class=\"elementor-element elementor-element-76aa25a3 elementor-widget-elementskit-dual-button-center elementor-widget elementor-widget-elementskit-dual-button\" data-id=\"76aa25a3\" data-element_type=\"widget\" data-e-type=\"widget\" data-settings=\"{&quot;ekit_we_effect_on&quot;:&quot;none&quot;}\" data-widget_type=\"elementskit-dual-button.default\">\n\t\t\t\t<div class=\"elementor-widget-container\">\n\t\t\t\t\t<div class=\"ekit-wid-con\" >\n                <div class=\"ekit-element-align-wrapper\">\n                    <div class=\"ekit_double_button\">                <a class=\"ekit-double-btn ekit-double-btn-one\" href=\"https:\/\/nlsis.powerschool.com\/public\/home.html\" target=\"_blank\" rel=\"noopener\">\n                    Parent\/\u00e9l\u00e8ve<i aria-hidden=\"true\" class=\"fas fa-arrow-right\"><\/i>                <\/a>\n                  <\/div>\n                <\/div>\n            <\/div>\t\t\t\t<\/div>\n\t\t\t\t<\/div>\n\t\t\t\t\t<\/div>\n\t\t<\/div>\n\t\t\t\t<div class=\"elementor-column elementor-col-25 elementor-inner-column elementor-element elementor-element-d45802c\" data-id=\"d45802c\" data-element_type=\"column\" data-e-type=\"column\">\n\t\t\t<div class=\"elementor-widget-wrap elementor-element-populated\">\n\t\t\t\t\t\t<div class=\"elementor-element elementor-element-1092f6a8 elementor-widget-elementskit-dual-button-center elementor-widget elementor-widget-elementskit-dual-button\" data-id=\"1092f6a8\" data-element_type=\"widget\" data-e-type=\"widget\" data-settings=\"{&quot;ekit_we_effect_on&quot;:&quot;none&quot;}\" data-widget_type=\"elementskit-dual-button.default\">\n\t\t\t\t<div class=\"elementor-widget-container\">\n\t\t\t\t\t<div class=\"ekit-wid-con\" >\n                <div class=\"ekit-element-align-wrapper\">\n                    <div class=\"ekit_double_button\">                <a class=\"ekit-double-btn ekit-double-btn-one\" href=\"https:\/\/nlsis.powerschool.com\/teachers\/pw.html\" target=\"_blank\" rel=\"noopener\">\n                    Enseignants<i aria-hidden=\"true\" class=\"fas fa-arrow-right\"><\/i>                <\/a>\n                  <\/div>\n                <\/div>\n            <\/div>\t\t\t\t<\/div>\n\t\t\t\t<\/div>\n\t\t\t\t\t<\/div>\n\t\t<\/div>\n\t\t\t\t<div class=\"elementor-column elementor-col-25 elementor-inner-column elementor-element elementor-element-4367d1bf\" data-id=\"4367d1bf\" data-element_type=\"column\" data-e-type=\"column\">\n\t\t\t<div class=\"elementor-widget-wrap elementor-element-populated\">\n\t\t\t\t\t\t<div class=\"elementor-element elementor-element-1a2d6c13 elementor-widget-elementskit-dual-button-center elementor-widget elementor-widget-elementskit-dual-button\" data-id=\"1a2d6c13\" data-element_type=\"widget\" data-e-type=\"widget\" data-settings=\"{&quot;ekit_we_effect_on&quot;:&quot;none&quot;}\" data-widget_type=\"elementskit-dual-button.default\">\n\t\t\t\t<div class=\"elementor-widget-container\">\n\t\t\t\t\t<div class=\"ekit-wid-con\" >\n                <div class=\"ekit-element-align-wrapper\">\n                    <div class=\"ekit_double_button\">                <a class=\"ekit-double-btn ekit-double-btn-one\" href=\"https:\/\/nlsis.powerschool.com\/subs\/pw.html\" target=\"_blank\" rel=\"noopener\">\n                    Enseignants rempla\u00e7ants<i aria-hidden=\"true\" class=\"fas fa-arrow-right\"><\/i>                <\/a>\n                  <\/div>\n                <\/div>\n            <\/div>\t\t\t\t<\/div>\n\t\t\t\t<\/div>\n\t\t\t\t\t<\/div>\n\t\t<\/div>\n\t\t\t\t<div class=\"elementor-column elementor-col-25 elementor-inner-column elementor-element elementor-element-26024683\" data-id=\"26024683\" data-element_type=\"column\" data-e-type=\"column\">\n\t\t\t<div class=\"elementor-widget-wrap elementor-element-populated\">\n\t\t\t\t\t\t<div class=\"elementor-element elementor-element-1563ae1f elementor-widget-elementskit-dual-button-center elementor-widget elementor-widget-elementskit-dual-button\" data-id=\"1563ae1f\" data-element_type=\"widget\" data-e-type=\"widget\" data-settings=\"{&quot;ekit_we_effect_on&quot;:&quot;none&quot;}\" data-widget_type=\"elementskit-dual-button.default\">\n\t\t\t\t<div class=\"elementor-widget-container\">\n\t\t\t\t\t<div class=\"ekit-wid-con\" >\n                <div class=\"ekit-element-align-wrapper\">\n                    <div class=\"ekit_double_button\">                <a class=\"ekit-double-btn ekit-double-btn-one\" href=\"https:\/\/nlsis.powerschool.com\/admin\/pw.html\" target=\"_blank\" rel=\"noopener\">\n                    Administration<i aria-hidden=\"true\" class=\"fas fa-arrow-right\"><\/i>                <\/a>\n                  <\/div>\n                <\/div>\n            <\/div>\t\t\t\t<\/div>\n\t\t\t\t<\/div>\n\t\t\t\t\t<\/div>\n\t\t<\/div>\n\t\t\t\t\t<\/div>\n\t\t<\/section>\n\t\t\t\t\t<\/div>\n\t\t<\/div>\n\t\t\t\t\t<\/div>\n\t\t<\/section>\n\t\t\t\t<section class=\"elementor-section elementor-top-section elementor-element elementor-element-38a052bd elementor-section-boxed elementor-section-height-default elementor-section-height-default\" data-id=\"38a052bd\" data-element_type=\"section\" data-e-type=\"section\" data-settings=\"{&quot;background_background&quot;:&quot;classic&quot;,&quot;ekit_has_onepagescroll_dot&quot;:&quot;yes&quot;}\">\n\t\t\t\t\t\t\t<div class=\"elementor-background-overlay\"><\/div>\n\t\t\t\t\t\t\t<div class=\"elementor-container elementor-column-gap-default\">\n\t\t\t\t\t<div class=\"elementor-column elementor-col-50 elementor-top-column elementor-element elementor-element-1e4983ac\" data-id=\"1e4983ac\" data-element_type=\"column\" data-e-type=\"column\">\n\t\t\t<div class=\"elementor-widget-wrap elementor-element-populated\">\n\t\t\t\t\t\t<div class=\"elementor-element elementor-element-404c3cb6 elementor-widget elementor-widget-turitor-title\" data-id=\"404c3cb6\" data-element_type=\"widget\" data-e-type=\"widget\" data-settings=\"{&quot;ekit_we_effect_on&quot;:&quot;none&quot;}\" data-widget_type=\"turitor-title.default\">\n\t\t\t\t<div class=\"elementor-widget-container\">\n\t\t\t\t\t\n   <div class=\"ts-section-title title-center\">\n\t\t<h2 class=\"section-title \">\n\t\t\t        Pour obtenir votre identifiant et votre code d\u2019acc\u00e8s Powerschool     <\/h2>\n               <i class=\"\"><\/i>\n\t\t\t      \n   <\/div>\n\n    \t\t\t\t<\/div>\n\t\t\t\t<\/div>\n\t\t\t\t\t<\/div>\n\t\t<\/div>\n\t\t\t\t<div class=\"elementor-column elementor-col-50 elementor-top-column elementor-element elementor-element-5b46ea8\" data-id=\"5b46ea8\" data-element_type=\"column\" data-e-type=\"column\">\n\t\t\t<div class=\"elementor-widget-wrap elementor-element-populated\">\n\t\t\t\t\t\t<div class=\"elementor-element elementor-element-c05dc0f elementor-widget-elementskit-dual-button-center elementor-widget elementor-widget-elementskit-dual-button\" data-id=\"c05dc0f\" data-element_type=\"widget\" data-e-type=\"widget\" data-settings=\"{&quot;ekit_we_effect_on&quot;:&quot;none&quot;}\" data-widget_type=\"elementskit-dual-button.default\">\n\t\t\t\t<div class=\"elementor-widget-container\">\n\t\t\t\t\t<div class=\"ekit-wid-con\" >\n                <div class=\"ekit-element-align-wrapper\">\n                    <div class=\"ekit_double_button\">                <a class=\"ekit-double-btn ekit-double-btn-one\" href=\"https:\/\/csfp.nl.ca\/envol\/contactez-nous\/\" target=\"_blank\">\n                    Contactez-nous<i aria-hidden=\"true\" class=\"fas fa-arrow-right\"><\/i>                <\/a>\n                  <\/div>\n                <\/div>\n            <\/div>\t\t\t\t<\/div>\n\t\t\t\t<\/div>\n\t\t\t\t\t<\/div>\n\t\t<\/div>\n\t\t\t\t\t<\/div>\n\t\t<\/section>\n\t\t\t\t<\/div>\n\t\t","protected":false},"excerpt":{"rendered":"<p>Le portail parental de PowerSchool permet aux parents et a\u0300 leur enfant d\u2019avoir acce\u0300s a\u0300 plusieurs renseignements du dossier de l\u2019e\u0301le\u0300ve, dont l\u2019assiduit\u00e9 et les annonces de l\u2019\u00e9cole. \u00c0 partir de la 7e ann\u00e9e, ceux-ci ont \u00e9galement acc\u00e8s aux r\u00e9sultats acad\u00e9miques, \u00e0 l\u2019information au sujet des \u00e9valuations et aux \u00e9ch\u00e9anciers des projets et travaux. Acc\u00e8s [&hellip;]<\/p>\n","protected":false},"author":1,"featured_media":0,"parent":0,"menu_order":0,"comment_status":"closed","ping_status":"closed","template":"elementor_header_footer","meta":{"_acf_changed":false,"footnotes":""},"class_list":["post-7069","page","type-page","status-publish","hentry"],"acf":[],"_links":{"self":[{"href":"https:\/\/csfp.nl.ca\/envol\/wp-json\/wp\/v2\/pages\/7069","targetHints":{"allow":["GET"]}}],"collection":[{"href":"https:\/\/csfp.nl.ca\/envol\/wp-json\/wp\/v2\/pages"}],"about":[{"href":"https:\/\/csfp.nl.ca\/envol\/wp-json\/wp\/v2\/types\/page"}],"author":[{"embeddable":true,"href":"https:\/\/csfp.nl.ca\/envol\/wp-json\/wp\/v2\/users\/1"}],"replies":[{"embeddable":true,"href":"https:\/\/csfp.nl.ca\/envol\/wp-json\/wp\/v2\/comments?post=7069"}],"version-history":[{"count":28,"href":"https:\/\/csfp.nl.ca\/envol\/wp-json\/wp\/v2\/pages\/7069\/revisions"}],"predecessor-version":[{"id":8300,"href":"https:\/\/csfp.nl.ca\/envol\/wp-json\/wp\/v2\/pages\/7069\/revisions\/8300"}],"wp:attachment":[{"href":"https:\/\/csfp.nl.ca\/envol\/wp-json\/wp\/v2\/media?parent=7069"}],"curies":[{"name":"wp","href":"https:\/\/api.w.org\/{rel}","templated":true}]}}